{"id":17,"date":"2012-12-12T13:42:57","date_gmt":"2012-12-12T13:42:57","guid":{"rendered":"http:\/\/neu.kg-bilstein.de\/?page_id=17"},"modified":"2012-12-12T15:34:35","modified_gmt":"2012-12-12T15:34:35","slug":"geschichte-der-kgb","status":"publish","type":"page","link":"http:\/\/kg-bilstein.de\/?page_id=17","title":{"rendered":"Geschichte der KGB"},"content":{"rendered":"<h1>Die Geschichte des Bilsteiner Karnevals&#8230;..<\/h1>\n<p>Die karnevalistische Tradition des Burgdorfes Bilstein geht zur\u00fcck auf das Jahr 1961 als ein Umzug mit Prinz Olly I. (Clemens Epe) an der Spitze die Stra\u00dfen des Ortes mit n\u00e4rrischem Treiben erf\u00fcllte. Auch im Folgejahr 1962 zog erneut ein festlicher Umzug mit Prinz Olly II (Horst Hebbeker) durch das mittlere Veischedetal.<\/p>\n<p>Danach allerdings versank der Bilsteiner Karneval f\u00fcr fast zwei Jahrzehnte im Dornr\u00f6schenschlaf, ehe sich die Bilsteiner Vereine im Jahre 1981 entschlossen, einen Elferrat zu gr\u00fcnden und eine Prunksitzung am Samstag vor dem Rosenmontag durchzuf\u00fchren. Unter dem Motto &#8222;Alle Bilsteiner Vereine h\u00e4ngen an einer Leine&#8220; wurde die Veranstaltung in der bis auf den letzten Platz gef\u00fcllten Freiheit-Bilstein-Halle ein voller Erfolg.<\/p>\n<p>Dies befl\u00fcgelte den Elferrat derart, dass man sich entschloss, im kommenden Jahr 1982 die Schl\u00fcsselgewalt f\u00fcr den Bilsteiner Karneval wieder einem Prinzen zu \u00fcbertragen. Und so zog denn im Jahre 1982 Prinz Willi I. (Willi Cramer) unter dem tosenden Beifall der N\u00e4rrinnen und Narren als erster Bilsteiner Prinz der Neuzeit in die Freiheit-Bilstein-Halle ein.<\/p>\n<p>Im Jahre 1985 erschien zum ersten Mal der Bilsteiner-Karnevals-Kurier (BKK), eine Zeitschrift mit Beitr\u00e4gen rund um das Thema Karneval und finanziert durch Anzeigen der heimischen Betriebe und Unternehmen. Der BKK ist zwischenzeitlich zu einer festen Einrichtung im Bilsteiner Karneval geworden und ist im n\u00e4heren sauerl\u00e4ndischen Umfeld einzigartig und beispiellos.<\/p>\n<p>11 Jahre sp\u00e4ter hielt denn auch die Gleichberechtigung in Bilstein Einzug, als zum ersten Mal eine Prinzessin, Prinzessin Andrea I. (Andrea Vente) an der Seite von Prinz Martin II. (Martin Tillmann) sich dem n\u00e4rrischen Volk von Bilstein pr\u00e4sentierte.<\/p>\n<p>Aber auch in t\u00e4nzerischer Hinsicht hat sich unser Karneval pr\u00e4chtig entwickelt. Vier Garden sind inzwischen ein fester Bestandteil unserer Sitzung: Die Bilsteiner Piccolinas, Minis, Burgsterne und die Prinzengarde.<\/p>\n<p>&nbsp;<\/p>\n<p>Im Jahre 2002 wurde dann auch endlich die KGB (Karnevalsgesellschaft Bilstein) gegr\u00fcndet, im folgenden Jahr wurde diese Mitglied im Bund Westf\u00e4lischer Karneval.<\/p>\n<p>Karl-Heinz N\u00fcschen<br \/>\nVorsitzender KGB e.V.<\/p>\n","protected":false},"excerpt":{"rendered":"<p>Die Geschichte des Bilsteiner Karnevals&#8230;.. Die karnevalistische Tradition des Burgdorfes Bilstein geht zur\u00fcck auf das Jahr 1961 als ein Umzug mit Prinz Olly I. (Clemens Epe) an der Spitze die Stra\u00dfen des Ortes mit n\u00e4rrischem Treiben erf\u00fcllte. Auch im Folgejahr 1962 zog erneut ein festlicher Umzug mit Prinz Olly II [&hellip;]<\/p>\n","protected":false},"author":1,"featured_media":0,"parent":0,"menu_order":1,"comment_status":"closed","ping_status":"closed","template":"","meta":{"footnotes":""},"class_list":["post-17","page","type-page","status-publish","hentry"],"_links":{"self":[{"href":"http:\/\/kg-bilstein.de\/index.php?rest_route=\/wp\/v2\/pages\/17","targetHints":{"allow":["GET"]}}],"collection":[{"href":"http:\/\/kg-bilstein.de\/index.php?rest_route=\/wp\/v2\/pages"}],"about":[{"href":"http:\/\/kg-bilstein.de\/index.php?rest_route=\/wp\/v2\/types\/page"}],"author":[{"embeddable":true,"href":"http:\/\/kg-bilstein.de\/index.php?rest_route=\/wp\/v2\/users\/1"}],"replies":[{"embeddable":true,"href":"http:\/\/kg-bilstein.de\/index.php?rest_route=%2Fwp%2Fv2%2Fcomments&post=17"}],"version-history":[{"count":4,"href":"http:\/\/kg-bilstein.de\/index.php?rest_route=\/wp\/v2\/pages\/17\/revisions"}],"predecessor-version":[{"id":91,"href":"http:\/\/kg-bilstein.de\/index.php?rest_route=\/wp\/v2\/pages\/17\/revisions\/91"}],"wp:attachment":[{"href":"http:\/\/kg-bilstein.de\/index.php?rest_route=%2Fwp%2Fv2%2Fmedia&parent=17"}],"curies":[{"name":"wp","href":"https:\/\/api.w.org\/{rel}","templated":true}]}}