{"id":21,"date":"2012-12-12T13:44:50","date_gmt":"2012-12-12T13:44:50","guid":{"rendered":"http:\/\/neu.kg-bilstein.de\/?page_id=21"},"modified":"2024-11-15T19:28:41","modified_gmt":"2024-11-15T19:28:41","slug":"vorstand","status":"publish","type":"page","link":"https:\/\/kg-bilstein.de\/?page_id=21","title":{"rendered":"Vorstand"},"content":{"rendered":"<h1>Der Vorstand der KGB:<\/h1>\n<ul>\n<li style=\"text-align: center;\">1. Vorsizender &#8211; Timo Hanses<\/li>\n<li style=\"text-align: center;\">(<span style=\"color: #333333; font-family: Georgia, 'Times New Roman', 'Bitstream Charter', Times, serif;\">timo.hanses@yahoo.de)<\/span><\/li>\n<li style=\"text-align: center;\">2. Vorsitzender &#8211; Max Rauchheld<\/li>\n<li style=\"text-align: center;\">Gesch\u00e4ftsf\u00fchrer &#8211; Jenny Heidsch\u00f6tter<\/li>\n<li style=\"text-align: center;\">\u00a0 Kassierer &#8211; Georg Schr\u00f6ter<\/li>\n<li style=\"text-align: center;\">1. Beisitzer &#8211; Nadine Steinberg<\/li>\n<li style=\"text-align: center;\">2. Beisitzer &#8211; David Eberts<\/li>\n<li style=\"text-align: center;\">3. Beisitzer &#8211; Oktavia Naumowicz<\/li>\n<li style=\"text-align: center;\">4. Beisitzer &#8211; Phlipp Sondermann<br \/>\n( Zermonienmeister )<\/li>\n<\/ul>\n","protected":false},"excerpt":{"rendered":"<p>Der Vorstand der KGB: 1. Vorsizender &#8211; Timo Hanses (timo.hanses@yahoo.de) 2. Vorsitzender &#8211; Max Rauchheld Gesch\u00e4ftsf\u00fchrer &#8211; Jenny Heidsch\u00f6tter \u00a0 Kassierer &#8211; Georg Schr\u00f6ter 1. Beisitzer &#8211; Nadine Steinberg 2. Beisitzer &#8211; David Eberts 3. Beisitzer &#8211; Oktavia Naumowicz 4. Beisitzer &#8211; Phlipp Sondermann ( Zermonienmeister )<\/p>\n","protected":false},"author":1,"featured_media":0,"parent":0,"menu_order":3,"comment_status":"closed","ping_status":"closed","template":"","meta":{"footnotes":""},"class_list":["post-21","page","type-page","status-publish","hentry"],"_links":{"self":[{"href":"https:\/\/kg-bilstein.de\/index.php?rest_route=\/wp\/v2\/pages\/21","targetHints":{"allow":["GET"]}}],"collection":[{"href":"https:\/\/kg-bilstein.de\/index.php?rest_route=\/wp\/v2\/pages"}],"about":[{"href":"https:\/\/kg-bilstein.de\/index.php?rest_route=\/wp\/v2\/types\/page"}],"author":[{"embeddable":true,"href":"https:\/\/kg-bilstein.de\/index.php?rest_route=\/wp\/v2\/users\/1"}],"replies":[{"embeddable":true,"href":"https:\/\/kg-bilstein.de\/index.php?rest_route=%2Fwp%2Fv2%2Fcomments&post=21"}],"version-history":[{"count":23,"href":"https:\/\/kg-bilstein.de\/index.php?rest_route=\/wp\/v2\/pages\/21\/revisions"}],"predecessor-version":[{"id":1118,"href":"https:\/\/kg-bilstein.de\/index.php?rest_route=\/wp\/v2\/pages\/21\/revisions\/1118"}],"wp:attachment":[{"href":"https:\/\/kg-bilstein.de\/index.php?rest_route=%2Fwp%2Fv2%2Fmedia&parent=21"}],"curies":[{"name":"wp","href":"https:\/\/api.w.org\/{rel}","templated":true}]}}