{"id":24,"date":"2012-12-12T13:46:31","date_gmt":"2012-12-12T13:46:31","guid":{"rendered":"http:\/\/neu.kg-bilstein.de\/?page_id=24"},"modified":"2025-12-14T16:04:21","modified_gmt":"2025-12-14T16:04:21","slug":"elferrat","status":"publish","type":"page","link":"https:\/\/kg-bilstein.de\/?page_id=24","title":{"rendered":"Elferrat"},"content":{"rendered":"<h1>Der Elferrat stellt sich vor\u00a0<\/h1>\r\n<ul>\r\n<li>Pr\u00e4sident : J\u00f6rg Heinzelmeier<\/li>\r\n<li>Vizepr\u00e4sident: Max Rauchheld<\/li>\r\n<li>Georg Schr\u00f6ter<\/li>\r\n<li>Carsten Hesse<\/li>\r\n<li>Max Schulte<\/li>\r\n<li>Daniel Kappe<\/li>\r\n<li>David Eberts<\/li>\r\n<li>Timo Hanses<\/li>\r\n<li>Reinhard Steinberg\u00a0<\/li>\r\n<li>Marco Faka<\/li>\r\n<li>Thorsten Hupertz<\/li>\r\n<li>David N\u00fcschen<\/li>\r\n<li>Markus Vo\u00dfhagen (Technik)<\/li>\r\n<\/ul>\r\n<p>Zeremonienmeister : \u00a0 \u00a0 \u00a0Philipp Sondermann<\/p>\r\n<p>Ehrenpr\u00e4sidenten :<\/p>\r\n<p>Peter Allebrodt, Karl Heinz N\u00fcschen , Volker Eberts<\/p>\r\n\r\n<p>&nbsp;<\/p>\r\n","protected":false},"excerpt":{"rendered":"<p>Der Elferrat stellt sich vor\u00a0 Pr\u00e4sident : J\u00f6rg Heinzelmeier Vizepr\u00e4sident: Max Rauchheld Georg Schr\u00f6ter Carsten Hesse Max Schulte Daniel Kappe David Eberts Timo Hanses Reinhard Steinberg\u00a0 Marco Faka Thorsten Hupertz David N\u00fcschen Markus Vo\u00dfhagen (Technik) Zeremonienmeister : \u00a0 \u00a0 \u00a0Philipp Sondermann Ehrenpr\u00e4sidenten : Peter Allebrodt, Karl Heinz N\u00fcschen , Volker [&hellip;]<\/p>\n","protected":false},"author":1,"featured_media":0,"parent":0,"menu_order":4,"comment_status":"closed","ping_status":"closed","template":"","meta":{"footnotes":""},"class_list":["post-24","page","type-page","status-publish","hentry"],"_links":{"self":[{"href":"https:\/\/kg-bilstein.de\/index.php?rest_route=\/wp\/v2\/pages\/24","targetHints":{"allow":["GET"]}}],"collection":[{"href":"https:\/\/kg-bilstein.de\/index.php?rest_route=\/wp\/v2\/pages"}],"about":[{"href":"https:\/\/kg-bilstein.de\/index.php?rest_route=\/wp\/v2\/types\/page"}],"author":[{"embeddable":true,"href":"https:\/\/kg-bilstein.de\/index.php?rest_route=\/wp\/v2\/users\/1"}],"replies":[{"embeddable":true,"href":"https:\/\/kg-bilstein.de\/index.php?rest_route=%2Fwp%2Fv2%2Fcomments&post=24"}],"version-history":[{"count":10,"href":"https:\/\/kg-bilstein.de\/index.php?rest_route=\/wp\/v2\/pages\/24\/revisions"}],"predecessor-version":[{"id":1203,"href":"https:\/\/kg-bilstein.de\/index.php?rest_route=\/wp\/v2\/pages\/24\/revisions\/1203"}],"wp:attachment":[{"href":"https:\/\/kg-bilstein.de\/index.php?rest_route=%2Fwp%2Fv2%2Fmedia&parent=24"}],"curies":[{"name":"wp","href":"https:\/\/api.w.org\/{rel}","templated":true}]}}