{"id":34,"date":"2012-12-12T14:13:12","date_gmt":"2012-12-12T14:13:12","guid":{"rendered":"http:\/\/neu.kg-bilstein.de\/?page_id=34"},"modified":"2014-03-01T08:28:28","modified_gmt":"2014-03-01T08:28:28","slug":"zum-schmunzeln","status":"publish","type":"page","link":"https:\/\/kg-bilstein.de\/?page_id=34","title":{"rendered":"Kattfiller,Alaaf oder Helau ?"},"content":{"rendered":"<h1>Warum rufen die Attendorner \u201eKattfiller&#8220; statt \u201eAlaaf&#8220; oder \u201eHelau&#8220; ?<\/h1>\n<p>Es war im Jahre 1583, als der K\u00f6lner Erzbischof und Kurf\u00fcrst Gebhard Truchse\u00df von Waldburg sein gesamtes katholisches Erzbistum K\u00f6ln zur Annahme des protestantischen Glaubens zwingen wollte. Viele St\u00e4dte folgten auch seinem Aufruf, nicht aber das \u201eerzkatholische\u201d Sauerland.<\/p>\n<p>So blieb Truchse\u00df nichts anderes \u00fcbrig, als pers\u00f6nlich mit einer Streitmacht ins Sauerland zu reisen, um die B\u00fcrger zu zwingen, dem katholischen Glauben zu entsagen. Er kam so auch nach Attendorn, gelangte durch eine List in die Stadt und zerst\u00f6rte s\u00e4mtliche Kunstgegenst\u00e4nde in der Pfarrkirche.<\/p>\n<p>An dieser Stelle setzt nun die Sage ein:<br \/>\nDie Attendorner h\u00e4tten, so berichtet sie, den weiterziehenden Erzbischof in \u00e4u\u00dferster Wut zu nahegelegenen Burg Bilstein verfolgt. Eines Mittags habe einer der belagernden Sch\u00fctzen den vermeintlich schlafenden Erzbischof im Fenster der Burg gesehen. Er habe die Armbrust genommen, gezielt und &#8230;getroffen. Heruntergefallen sei aber nicht der t\u00f6dlich verwundete Erzbischof, sondern eine schlohwei\u00dfe Mauerkatze.<\/p>\n<p>Die Bilsteiner h\u00e4tten daraufhin sp\u00f6ttisch hinter den abziehenden Attendornern hergerufen:<br \/>\n\u201eDort ziehen sie hin, die Kattfiller (Katzenm\u00f6rder)!\u201d<br \/>\nSeit dieser Zeit hei\u00dfen die Attendorner mit Beinamen \u201eKattfiller\u201d, der Schlachtruf zu Karneval hei\u00dft dementsprechend:<\/p>\n","protected":false},"excerpt":{"rendered":"<p>Warum rufen die Attendorner \u201eKattfiller&#8220; statt \u201eAlaaf&#8220; oder \u201eHelau&#8220; ? Es war im Jahre 1583, als der K\u00f6lner Erzbischof und Kurf\u00fcrst Gebhard Truchse\u00df von Waldburg sein gesamtes katholisches Erzbistum K\u00f6ln zur Annahme des protestantischen Glaubens zwingen wollte. Viele St\u00e4dte folgten auch seinem Aufruf, nicht aber das \u201eerzkatholische\u201d Sauerland. So blieb [&hellip;]<\/p>\n","protected":false},"author":1,"featured_media":0,"parent":0,"menu_order":6,"comment_status":"closed","ping_status":"closed","template":"","meta":{"footnotes":""},"class_list":["post-34","page","type-page","status-publish","hentry"],"_links":{"self":[{"href":"https:\/\/kg-bilstein.de\/index.php?rest_route=\/wp\/v2\/pages\/34","targetHints":{"allow":["GET"]}}],"collection":[{"href":"https:\/\/kg-bilstein.de\/index.php?rest_route=\/wp\/v2\/pages"}],"about":[{"href":"https:\/\/kg-bilstein.de\/index.php?rest_route=\/wp\/v2\/types\/page"}],"author":[{"embeddable":true,"href":"https:\/\/kg-bilstein.de\/index.php?rest_route=\/wp\/v2\/users\/1"}],"replies":[{"embeddable":true,"href":"https:\/\/kg-bilstein.de\/index.php?rest_route=%2Fwp%2Fv2%2Fcomments&post=34"}],"version-history":[{"count":4,"href":"https:\/\/kg-bilstein.de\/index.php?rest_route=\/wp\/v2\/pages\/34\/revisions"}],"predecessor-version":[{"id":202,"href":"https:\/\/kg-bilstein.de\/index.php?rest_route=\/wp\/v2\/pages\/34\/revisions\/202"}],"wp:attachment":[{"href":"https:\/\/kg-bilstein.de\/index.php?rest_route=%2Fwp%2Fv2%2Fmedia&parent=34"}],"curies":[{"name":"wp","href":"https:\/\/api.w.org\/{rel}","templated":true}]}}