{"id":40,"date":"2012-12-12T14:27:06","date_gmt":"2012-12-12T14:27:06","guid":{"rendered":"http:\/\/neu.kg-bilstein.de\/?page_id=40"},"modified":"2012-12-12T14:27:18","modified_gmt":"2012-12-12T14:27:18","slug":"impressum","status":"publish","type":"page","link":"https:\/\/kg-bilstein.de\/?page_id=40","title":{"rendered":"Impressum"},"content":{"rendered":"<p>Karnevalsgesellschaft Bilstein e.V.<br \/>\nDomain:http:\/\/www.KG-Bilstein.de<br \/>\nVerantworlich f\u00fcr die Inhalte:<br \/>\nKarnevalsgesellschaft Bilstein e.V.<br \/>\nKontakt : webmaster@kg-bilstein.de<\/p>\n<p>Diese Seiten wurden Erstellt von:<br \/>\n<a href=\"http:\/\/StreetGo.de\" target=\"_blank\">StreetGo.de<\/a><br \/>\n1. Inhalt des Onlineangebotes<\/p>\n<p>Karnevalsgesellschaft Bilstein e.V. (Der Autor) \u00fcbernimmt keinerlei Gew\u00e4hr f\u00fcr die Aktualit\u00e4t, Korrektheit, Vollst\u00e4ndigkeit oder Qualit\u00e4t der bereitgestellten Informationen. Haftungsanspr\u00fcche gegen den Autor, welche sich auf Sch\u00e4den materieller oder ideeller Art beziehen, die durch die Nutzung oder Nichtnutzung der dargebotenen Informationen bzw. durch die Nutzung fehlerhafter und unvollst\u00e4ndiger Informationen verursacht wurden sind grunds\u00e4tzlich ausgeschlossen, sofern seitens des Autors kein nachweislich vors\u00e4tzliches oder grob fahrl\u00e4ssiges Verschulden vorliegt.<br \/>\nAlle Angebote sind freibleibend und unverbindlich. Der Autor beh\u00e4lt es sich ausdr\u00fccklich vor, Teile der Seiten oder das gesamte Angebot ohne gesonderte Ank\u00fcndigung zu ver\u00e4ndern, zu erg\u00e4nzen, zu l\u00f6schen oder die Ver\u00f6ffentlichung zeitweise oder endg\u00fcltig einzustellen.<\/p>\n<p>2. Verweise und Links<\/p>\n<p>Bei direkten oder indirekten Verweisen auf fremde Internetseiten (&#8222;Links&#8220;), die au\u00dferhalb des Verantwortungsbereiches des Autors liegen, w\u00fcrde eine Haftungsverpflichtung ausschlie\u00dflich in dem Fall in Kraft treten, in dem der Autor von den Inhalten Kenntnis hat und es ihm technisch m\u00f6glich und zumutbar w\u00e4re, die Nutzung im Falle rechtswidriger Inhalte zu verhindern.<br \/>\nDer Autor erkl\u00e4rt daher ausdr\u00fccklich, dass zum Zeitpunkt der Linksetzung die entsprechenden verlinkten Seiten frei von illegalen Inhalten waren. Der Autor hat keinerlei Einfluss auf die aktuelle und zuk\u00fcnftige Gestaltung und auf die Inhalte der gelinkten verkn\u00fcpften Seiten. Deshalb distanziert er sich hiermit ausdr\u00fccklich von allen Inhalten aller gelinkten verkn\u00fcpften Seiten, die nach der Linksetzung ver\u00e4ndert wurden. Diese Feststellung gilt f\u00fcr alle innerhalb des eigenen Internetangebotes gesetzten Links und Verweise sowie f\u00fcr Fremdeintr\u00e4ge in vom Autor eingerichteten G\u00e4steb\u00fcchern, Diskussionsforen und Mailinglisten. F\u00fcr illegale, fehlerhafte oder unvollst\u00e4ndige Inhalte und insbesondere f\u00fcr Sch\u00e4den, die aus der Nutzung oder Nichtnutzung solcherart dargebotener Informationen entstehen, haftet allein der Anbieter der Seite, auf welche verwiesen wurde, nicht derjenige, der \u00fcber Links auf die jeweilige Ver\u00f6ffentlichung lediglich verweist.<\/p>\n<p>3. Urheber- und Kennzeichenrecht<\/p>\n<p>Der Autor ist bestrebt, in allen Publikationen die Urheberrechte der verwendeten Grafiken, Tondokumente, Videosequenzen und Texte zu beachten, von ihm selbst erstellte Grafiken, Tondokumente, Videosequenzen und Texte zu nutzen oder auf lizenzfreie Grafiken, Tondokumente, Videosequenzen und Texte zur\u00fcckzugreifen.<br \/>\nAlle innerhalb des Internetangebotes genannten und ggf. durch Dritte gesch\u00fctzten Marken- und Warenzeichen unterliegen uneingeschr\u00e4nkt den Bestimmungen des jeweils g\u00fcltigen Kennzeichenrechts und den Besitzrechten der jeweiligen eingetragenen Eigent\u00fcmer. Allein aufgrund der blo\u00dfen Nennung ist nicht der Schlu\u00df zu ziehen, dass Markenzeichen nicht durch Rechte Dritter gesch\u00fctzt sind!<br \/>\nDas Copyright f\u00fcr ver\u00f6ffentlichte, vom Autor selbst erstellte Objekte bleibt allein beim Autor der Seiten. Eine Vervielf\u00e4ltigung oder Verwendung solcher Grafiken, Tondokumente, Videosequenzen und Texte in anderen elektronischen oder gedruckten Publikationen ist ohne ausdr\u00fcckliche Zustimmung des Autors nicht gestattet.<\/p>\n<p>4. Rechtswirksamkeit dieses Haftungsausschlusses<\/p>\n<p>Dieser Haftungsausschluss ist als Teil des Internetangebotes zu betrachten, von dem aus auf diese Seite verwiesen wurde. Sofern Teile oder einzelne Formulierungen dieses Textes der geltenden Rechtslage nicht, nicht mehr oder nicht vollst\u00e4ndig entsprechen sollten, bleiben die \u00fcbrigen Teile des Dokumentes in ihrem Inhalt und ihrer G\u00fcltigkeit davon unber\u00fchrt.<br \/>\nGem\u00e4\u00df \u00a7 5 Abs.1 TDG sind wir ausschlie\u00dflich nur f\u00fcr die eigenen Inhalte verantwortlich.<br \/>\nF\u00fcr Links auf fremde Inhalte dritter Anbieter sind wir gem\u00e4\u00df \u00a7 5 Abs.2 TDG nur verantwortlich, wenn wir von einem rechtswidrigen oder strafbaren Gehalt positive Kenntnis haben und es technisch m\u00f6glich und zumutbar ist, deren Nutzung zu verhindern.<br \/>\nAuch sind wir nicht verpflichtet, in periodischen Abst\u00e4nden den Inhalt von Angeboten Dritter auf deren Rechtswidrigkeit oder Strafbarkeit zu \u00fcberpr\u00fcfen. Sobald wir von dem rechtswidrigen Inhalt der Web-Seiten Dritter erfahren, wird der entsprechende Link von unserer Seite entfernt.<br \/>\nWeiterhin m\u00f6chten wir ausdr\u00fccklich betonen, dass wir keinerlei Einfluss auf die Gestaltung und die Inhalte der gelinkten Seiten haben.<br \/>\nDeshalb distanzieren wir uns hiermit ausdr\u00fccklich von allen Inhalten aller gelinkten Seiten auf der gesamten Website inkl. aller Unterseiten.<br \/>\nDiese Erkl\u00e4rung gilt f\u00fcr alle auf der Homepage ausgebrachten Links und f\u00fcr alle Inhalte der Seiten, zu denen Links oder Banner f\u00fchren. Sollten Inhalte dieser Internetangebote gegen geltendes Urheberrecht oder das Markengesetz versto\u00dfen, werden diese auf Hinweis schnellstm\u00f6glich entfernt.<\/p>\n","protected":false},"excerpt":{"rendered":"<p>Karnevalsgesellschaft Bilstein e.V. Domain:http:\/\/www.KG-Bilstein.de Verantworlich f\u00fcr die Inhalte: Karnevalsgesellschaft Bilstein e.V. Kontakt : webmaster@kg-bilstein.de Diese Seiten wurden Erstellt von: StreetGo.de 1. Inhalt des Onlineangebotes Karnevalsgesellschaft Bilstein e.V. (Der Autor) \u00fcbernimmt keinerlei Gew\u00e4hr f\u00fcr die Aktualit\u00e4t, Korrektheit, Vollst\u00e4ndigkeit oder Qualit\u00e4t der bereitgestellten Informationen. Haftungsanspr\u00fcche gegen den Autor, welche sich auf Sch\u00e4den [&hellip;]<\/p>\n","protected":false},"author":1,"featured_media":0,"parent":0,"menu_order":8,"comment_status":"closed","ping_status":"closed","template":"","meta":{"footnotes":""},"class_list":["post-40","page","type-page","status-publish","hentry"],"_links":{"self":[{"href":"https:\/\/kg-bilstein.de\/index.php?rest_route=\/wp\/v2\/pages\/40","targetHints":{"allow":["GET"]}}],"collection":[{"href":"https:\/\/kg-bilstein.de\/index.php?rest_route=\/wp\/v2\/pages"}],"about":[{"href":"https:\/\/kg-bilstein.de\/index.php?rest_route=\/wp\/v2\/types\/page"}],"author":[{"embeddable":true,"href":"https:\/\/kg-bilstein.de\/index.php?rest_route=\/wp\/v2\/users\/1"}],"replies":[{"embeddable":true,"href":"https:\/\/kg-bilstein.de\/index.php?rest_route=%2Fwp%2Fv2%2Fcomments&post=40"}],"version-history":[{"count":2,"href":"https:\/\/kg-bilstein.de\/index.php?rest_route=\/wp\/v2\/pages\/40\/revisions"}],"predecessor-version":[{"id":42,"href":"https:\/\/kg-bilstein.de\/index.php?rest_route=\/wp\/v2\/pages\/40\/revisions\/42"}],"wp:attachment":[{"href":"https:\/\/kg-bilstein.de\/index.php?rest_route=%2Fwp%2Fv2%2Fmedia&parent=40"}],"curies":[{"name":"wp","href":"https:\/\/api.w.org\/{rel}","templated":true}]}}